{"id":60,"date":"2021-08-26T12:26:53","date_gmt":"2021-08-26T12:26:53","guid":{"rendered":"http:\/\/dummy.xtemos.com\/woodmart2\/elementor\/?page_id=60"},"modified":"2025-03-30T09:17:47","modified_gmt":"2025-03-30T09:17:47","slug":"wishlist","status":"publish","type":"page","link":"https:\/\/velisfashion.com\/vi\/wishlist\/","title":{"rendered":"Wishlist"},"content":{"rendered":"<div class=\"wp-block-group tka-wishlist-wrapper is-layout-constrained wp-block-group-is-layout-constrained\">\n<h2 class=\"wp-block-heading has-text-align-left tka-wishlist-title\">Danh s\u00e1ch y\u00eau th\u00edch c\u1ee7a t\u00f4i<\/h2>\n\n\n\n<p class=\"tka-wishlist-description\">H\u00e3y t\u1ea1o t\u00e0i kho\u1ea3n \u0111\u1ec3 l\u01b0u l\u1ea1i nh\u1eefng m\u00f3n \u0111\u1ed3 y\u00eau th\u00edch v\u00e0 nh\u1eadn th\u00f4ng tin c\u1eadp nh\u1eadt t\u1eeb b\u1ea3n tin c\u1ee7a ch\u00fang t\u00f4i.<\/p>\n\n\n\n<div class=\"wp-block-buttons tka-wishlist-button is-content-justification-center is-nowrap is-layout-flex wp-container-core-buttons-is-layout-1fb9aab6 wp-block-buttons-is-layout-flex\">\n<div class=\"wp-block-button\"><a class=\"wp-block-button__link wp-element-button\" href=\"https:\/\/velisfashion.com\/vi\/my-account\/?action=register\">Register<\/a><\/div>\n<\/div>\n\n\n\t\t\n\t\t\n\n\t\t\t\t<div class=\"\" >\n\t\t\t\t\t\t<div class=\"wd-wishlist-content\">\n\t\t\t\t\t\t\t\t\t\t\t\n\t\t<p class=\"wd-empty-wishlist wd-empty-page\">\n\t\t\tThis wishlist is empty.\t\t<\/p>\n\n\t\t\t\t\t<div class=\"wd-empty-page-text\">\n\t\t\t\tB\u1ea1n ch\u01b0a c\u00f3 s\u1ea3n ph\u1ea9m n\u00e0o trong danh s\u00e1ch y\u00eau th\u00edch. B\u1ea1n s\u1ebd t\u00ecm th\u1ea5y r\u1ea5t nhi\u1ec1u s\u1ea3n ph\u1ea9m th\u00fa v\u1ecb tr\u00ean trang \"C\u1eeda h\u00e0ng\" c\u1ee7a ch\u00fang t\u00f4i.\t\t\t<\/div>\n\t\t\n\t\t\n\t\t\t\t\t<p class=\"return-to-shop\">\n\t\t\t\t<a class=\"button\" href=\"https:\/\/velisfashion.com\/vi\/shop\/\">\n\t\t\t\t\tReturn to shop\t\t\t\t<\/a>\n\t\t\t<\/p>\n\t\t\t\t\t\t\t\t\t\t\t<\/div>\n\t\t\t\t<\/div>\n\t\t\n<\/div>\n\n\n<div class=\"wd-negative-gap elementor-element tka-section-mt tka-product-banner e-flex e-con-boxed e-con e-parent e-lazyloaded\" data-element_type=\"container\">\r\n\t<div class=\"e-con-inner\">\r\n\t\t<div class=\"elementor-element elementor-widget__width-initial elementor-widget elementor-widget-wd_banner\" data-element_type=\"widget\" data-widget_type=\"wd_banner.default\">\r\n\t\t\t<div class=\"elementor-widget-container\">\r\n\t\t\t\t<div class=\"promo-banner-wrapper\">\r\n\t\t\t\t\t<div\r\n\t\t\t\t\t\tclass=\"promo-banner banner-default banner-hover-none color-scheme- banner-btn-size-default banner-btn-style-default with-btn banner-btn-position-static wd-with-link\">\r\n\t\t\t\t\t\t<div class=\"main-wrapp-img\">\r\n\t\t\t\t\t\t\t<div class=\"banner-image\">\r\n\t\t\t\t\t\t\t\t<img loading=\"lazy\" width=\"1280\" height=\"684\"\r\n\t\t\t\t\t\t\t\t\tsrc=\"https:\/\/velisfashion.com\/wp-content\/uploads\/2025\/02\/banner_single_product_2.avif\">\r\n\t\t\t\t\t\t\t<\/div>\r\n\t\t\t\t\t\t<\/div>\r\n\r\n\t\t\t\t\t\t<div class=\"wrapper-content-banner wd-fill wd-items-bottom\">\r\n\t\t\t\t\t\t\t<div class=\"content-banner  text-center\">\r\n\t\t\t\t\t\t\t\t<h4 class=\"banner-title\" data-elementor-setting-key=\"title\">Bottega Veneta's Ciao Ciao Bag<\/h4>\r\n\t\t\t\t\t\t\t\t<div class=\"banner-btn-wrapper\">\r\n\t\t\t\t\t\t\t\t\t<div class=\"wd-button-wrapper text-center\">\r\n\t\t\t\t\t\t\t\t\t\t<a class=\"btn btn-style-default btn-shape-rectangle btn-size-default btn-icon-pos-right\"\r\n\t\t\t\t\t\t\t\t\t\t\thref=\"\/vi\/danh-muc-san-pham\/woman\/?wpf_filter_brand=bottega-veneta&wpf_fbv=1\">\r\n\t\t\t\t\t\t\t\t\t\t\t<span class=\"wd-btn-text\" data-elementor-setting-key=\"text\">SHOP NOW<\/span>\r\n\t\t\t\t\t\t\t\t\t\t<\/a>\r\n\t\t\t\t\t\t\t\t\t<\/div>\r\n\t\t\t\t\t\t\t\t<\/div>\r\n\t\t\t\t\t\t\t<\/div>\r\n\t\t\t\t\t\t<\/div>\r\n\r\n\t\t\t\t\t\t<a href=\"\/vi\/danh-muc-san-pham\/woman\/?wpf_filter_brand=bottega-veneta&wpf_fbv=1\" class=\"wd-promo-banner-link wd-fill\" aria-label=\"Banner link\"><\/a>\r\n\t\t\t\t\t<\/div>\r\n\t\t\t\t<\/div>\r\n\t\t\t<\/div>\r\n\t\t<\/div>\r\n\t\t<div class=\"elementor-element elementor-widget__width-initial elementor-widget elementor-widget-wd_banner\" data-element_type=\"widget\" data-widget_type=\"wd_banner.default\">\r\n\t\t\t<div class=\"elementor-widget-container\">\r\n\t\t\t\t<div class=\"promo-banner-wrapper\">\r\n\t\t\t\t\t<div\r\n\t\t\t\t\t\tclass=\"promo-banner banner-default banner-hover-none color-scheme- banner-btn-size-default banner-btn-style-default with-btn banner-btn-position-static wd-with-link\">\r\n\t\t\t\t\t\t<div class=\"main-wrapp-img\">\r\n\t\t\t\t\t\t\t<div class=\"banner-image\">\r\n\t\t\t\t\t\t\t\t<img loading=\"lazy\" width=\"1280\" height=\"684\"\r\n\t\t\t\t\t\t\t\t\tsrc=\"https:\/\/velisfashion.com\/wp-content\/uploads\/2025\/03\/PB_Gucci_SS25_20250226105837.avif\">\r\n\t\t\t\t\t\t\t<\/div>\r\n\t\t\t\t\t\t<\/div>\r\n\t\t\t\t\t\t<div class=\"wrapper-content-banner wd-fill wd-items-bottom\">\r\n\t\t\t\t\t\t\t<div class=\"content-banner  text-center\">\r\n\t\t\t\t\t\t\t\t<h4 class=\"banner-title\" data-elementor-setting-key=\"title\">New-Season Gucci<\/h4>\r\n\t\t\t\t\t\t\t\t<div class=\"banner-btn-wrapper\">\r\n\t\t\t\t\t\t\t\t\t<div class=\"wd-button-wrapper text-center\">\r\n\t\t\t\t\t\t\t\t\t\t<a class=\"btn btn-style-default btn-shape-rectangle btn-size-default btn-icon-pos-right\"\r\n\t\t\t\t\t\t\t\t\t\t\thref=\"\/vi\/danh-muc-san-pham\/woman\/?wpf_filter_brand=gucci&wpf_fbv=1&pr_stock=instock\">\r\n\t\t\t\t\t\t\t\t\t\t\t<span class=\"wd-btn-text\" data-elementor-setting-key=\"text\">SHOP NOW<\/span>\r\n\t\t\t\t\t\t\t\t\t\t<\/a>\r\n\t\t\t\t\t\t\t\t\t<\/div>\r\n\t\t\t\t\t\t\t\t<\/div>\r\n\t\t\t\t\t\t\t<\/div>\r\n\t\t\t\t\t\t<\/div>\r\n\t\t\t\t\t\t<a href=\"\/vi\/danh-muc-san-pham\/woman\/?wpf_filter_brand=gucci&wpf_fbv=1&pr_stock=instock\"\r\n\t\t\t\t\t\t\tclass=\"wd-promo-banner-link wd-fill\" aria-label=\"Banner link\"><\/a>\r\n\t\t\t\t\t<\/div>\r\n\t\t\t\t<\/div>\r\n\t\t\t<\/div>\r\n\t\t<\/div>\r\n\t<\/div>\r\n<\/div>","protected":false},"excerpt":{"rendered":"<p>My Wishlist Create your account to save wished items and stay updated with our newsletter<\/p>","protected":false},"author":1,"featured_media":0,"parent":0,"menu_order":0,"comment_status":"closed","ping_status":"closed","template":"","meta":{"footnotes":""},"class_list":["post-60","page","type-page","status-publish","hentry"],"_links":{"self":[{"href":"https:\/\/velisfashion.com\/vi\/wp-json\/wp\/v2\/pages\/60","targetHints":{"allow":["GET"]}}],"collection":[{"href":"https:\/\/velisfashion.com\/vi\/wp-json\/wp\/v2\/pages"}],"about":[{"href":"https:\/\/velisfashion.com\/vi\/wp-json\/wp\/v2\/types\/page"}],"author":[{"embeddable":true,"href":"https:\/\/velisfashion.com\/vi\/wp-json\/wp\/v2\/users\/1"}],"replies":[{"embeddable":true,"href":"https:\/\/velisfashion.com\/vi\/wp-json\/wp\/v2\/comments?post=60"}],"version-history":[{"count":0,"href":"https:\/\/velisfashion.com\/vi\/wp-json\/wp\/v2\/pages\/60\/revisions"}],"wp:attachment":[{"href":"https:\/\/velisfashion.com\/vi\/wp-json\/wp\/v2\/media?parent=60"}],"curies":[{"name":"wp","href":"https:\/\/api.w.org\/{rel}","templated":true}]}}