{"id":4400,"date":"2021-10-12T15:51:09","date_gmt":"2021-10-12T15:51:09","guid":{"rendered":"http:\/\/dummy.xtemos.com\/woodmart2\/elementor\/?page_id=4400"},"modified":"2025-05-21T17:07:39","modified_gmt":"2025-05-21T17:07:39","slug":"about-us","status":"publish","type":"page","link":"https:\/\/velisfashion.com\/vi\/about-us\/","title":{"rendered":"About us"},"content":{"rendered":"<div data-elementor-type=\"wp-page\" data-elementor-id=\"4400\" class=\"elementor elementor-4400\">\n\t\t\t\t<div class=\"elementor-element elementor-element-1816541 e-flex e-con-boxed e-con e-parent\" data-id=\"1816541\" data-element_type=\"container\">\n\t\t\t\t\t<div class=\"e-con-inner\">\n\t\t\t\t<div class=\"elementor-element elementor-element-bb4ac43 elementor-widget elementor-widget-heading\" data-id=\"bb4ac43\" data-element_type=\"widget\" data-widget_type=\"heading.default\">\n\t\t\t\t<div class=\"elementor-widget-container\">\n\t\t\t\t\t<h2 class=\"elementor-heading-title elementor-size-default\">V\u1ec1 Ch\u00fang t\u00f4i<\/h2>\t\t\t\t<\/div>\n\t\t\t\t<\/div>\n\t\t<div class=\"elementor-element elementor-element-47922a7 e-con-full e-flex e-con e-child\" data-id=\"47922a7\" data-element_type=\"container\">\n\t\t\t\t<div class=\"elementor-element elementor-element-2b40e1d elementor-widget__width-initial elementor-widget elementor-widget-wd_text_block\" data-id=\"2b40e1d\" data-element_type=\"widget\" data-widget_type=\"wd_text_block.default\">\n\t\t\t\t<div class=\"elementor-widget-container\">\n\t\t\t\t\t\t\t<div class=\"wd-text-block reset-last-child text-left\">\n\t\t\t\n\t\t\t<p>\u0110\u01b0\u1ee3c \u0111\u1eb7t t\u00ean v\u00e0o n\u0103m 2011 v\u00e0 hi\u1ec7n th\u1ef1c h\u00f3a v\u00e0o n\u0103m 2021 t\u1ea1i Budapest - tr\u00e1i tim c\u1ee7a Hungary, VELIS FASHION ra \u0111\u1eddi t\u1eeb t\u1ea7m nh\u00ecn \u0111\u1ecbnh ngh\u0129a l\u1ea1i tr\u1ea3i nghi\u1ec7m th\u1eddi trang cao c\u1ea5p. C\u00e1i t\u00ean <strong>VELIS<\/strong> b\u1ea3n th\u00e2n n\u00f3 l\u00e0 m\u1ed9t tuy\u00ean b\u1ed1 \u2014 m\u1ed9t t\u1eeb vi\u1ebft t\u1eaft \u0111\u1ea1i di\u1ec7n cho <strong>Th\u1eddi th\u01b0\u1ee3ng, Thanh l\u1ecbch, Sang tr\u1ecdng, S\u00e1ng t\u1ea1o, Phong c\u00e1ch<\/strong> \u2014 n\u0103m tr\u1ee5 c\u1ed9t ti\u1ebfp t\u1ee5c \u0111\u1ecbnh h\u00ecnh b\u1ea3n s\u1eafc th\u01b0\u01a1ng hi\u1ec7u v\u00e0 \u0111\u1ecbnh h\u01b0\u1edbng m\u1ecdi ho\u1ea1t \u0111\u1ed9ng c\u1ee7a ch\u00fang t\u00f4i.<\/p><p>L\u00e0 m\u1ed9t \u0111i\u1ec3m \u0111\u1ebfn c\u1ee7a nhi\u1ec1u th\u01b0\u01a1ng hi\u1ec7u h\u00e0ng \u0111\u1ea7u, Velis Fashion tuy\u1ec3n ch\u1ecdn k\u1ef9 l\u01b0\u1ee1ng c\u00e1c s\u1ea3n ph\u1ea9m th\u1eddi trang nam, n\u1eef, ph\u1ee5 ki\u1ec7n v\u00e0 gi\u00e0y d\u00e9p cao c\u1ea5p t\u1eeb nh\u1eefng nh\u00e0 t\u1ea1o m\u1ed1t danh ti\u1ebfng nh\u1ea5t th\u1ebf gi\u1edbi v\u00e0 c\u00e1c nh\u00e0 thi\u1ebft k\u1ebf \u0111\u1ed9t ph\u00e1. B\u1ed9 s\u01b0u t\u1eadp \u0111\u01b0\u1ee3c tuy\u1ec3n ch\u1ecdn k\u1ef9 c\u00e0ng v\u1edbi h\u01a1n 100 th\u01b0\u01a1ng hi\u1ec7u t\u1eadp trung v\u00e0o c\u00e1c th\u01b0\u01a1ng hi\u1ec7u xa x\u1ec9 \u0111\u00edch th\u1ef1c nh\u01b0 Bottega Veneta, Burberry, Dolce &amp; Gabbana, Gucci, Loewe, Jimmy Choo, Moncler, Prada, Miu Miu, Saint Laurent, Valentino, Versace v\u00e0 nhi\u1ec1u h\u01a1n n\u1eefa. M\u1ed7i b\u1ed9 s\u01b0u t\u1eadp \u0111\u1ec1u ph\u1ea3n \u00e1nh cam k\u1ebft c\u1ee7a ch\u00fang t\u00f4i v\u1ec1 ch\u1ea5t l\u01b0\u1ee3ng, s\u1ef1 s\u00e1ng t\u1ea1o v\u00e0 phong c\u00e1ch v\u01b0\u1ee3t th\u1eddi gian nh\u01b0ng v\u1eabn h\u01b0\u1edbng t\u1edbi t\u01b0\u01a1ng lai.<\/p><p>Velis Fashion kh\u00f4ng ch\u1ec9 l\u00e0 m\u1ed9t nh\u00e0 b\u00e1n l\u1ebb \u2014 m\u00e0 c\u00f2n l\u00e0 m\u1ed9t tr\u1ea3i nghi\u1ec7m phong c\u00e1ch s\u1ed1ng d\u00e0nh cho nh\u1eefng ng\u01b0\u1eddi s\u00e0nh \u0111i\u1ec7u hi\u1ec7n \u0111\u1ea1i. M\u1ed7i khi mua s\u1eafm tr\u1ef1c tuy\u1ebfn, kh\u00e1ch h\u00e0ng c\u1ee7a ch\u00fang t\u00f4i \u0111\u1ec1u \u0111\u01b0\u1ee3c h\u01b0\u1edfng d\u1ecbch v\u1ee5 c\u00e1 nh\u00e2n h\u00f3a v\u00e0 quy\u1ec1n truy c\u1eadp \u0111\u1ed9c quy\u1ec1n v\u00e0o nh\u1eefng xu h\u01b0\u1edbng th\u1eddi trang cao c\u1ea5p m\u1edbi nh\u1ea5t tr\u00ean to\u00e0n c\u1ea7u.<\/p><p><strong>VELIS<\/strong> kh\u00f4ng ch\u1ec9 l\u00e0 m\u1ed9t c\u00e1i t\u00ean. N\u00f3 l\u00e0 c\u1ea3 m\u1ed9t tri\u1ebft l\u00fd. <br \/>B\u01b0\u1edbc v\u00e0o th\u1ebf gi\u1edbi n\u01a1i th\u1eddi trang \u0111\u01b0\u1ee3c n\u00e2ng t\u1ea7m \u2014 <i>H\u00e3y th\u1eadt s\u00e0nh \u0111i\u1ec7u, h\u00e3y l\u00e0 ch\u00ednh m\u00ecnh!<\/i> V\u00e0 c\u00e2u chuy\u1ec7n phong c\u00e1ch c\u1ee7a b\u1ea1n b\u1eaft \u0111\u1ea7u t\u1eeb \u0111\u00e2y.<\/p>\n\t\t\t\t\t<\/div>\n\t\t\t\t\t\t<\/div>\n\t\t\t\t<\/div>\n\t\t\t\t<div class=\"elementor-element elementor-element-7a522e2 elementor-widget elementor-widget-image\" data-id=\"7a522e2\" data-element_type=\"widget\" data-widget_type=\"image.default\">\n\t\t\t\t<div class=\"elementor-widget-container\">\n\t\t\t\t\t\t\t\t\t\t\t\t\t\t\t<img loading=\"lazy\" decoding=\"async\" width=\"1080\" height=\"1579\" src=\"https:\/\/velisfashion.com\/wp-content\/themes\/woodmart-1\/images\/lazy.svg\" class=\"attachment-full size-full wp-image-104936 wd-lazy-fade\" alt=\"\" srcset=\"\" sizes=\"auto, (max-width: 1080px) 100vw, 1080px\" data-src=\"https:\/\/velisfashion.com\/wp-content\/uploads\/2025\/05\/hinh-chen-About-Us.jpg\" data-srcset=\"https:\/\/velisfashion.com\/wp-content\/uploads\/2025\/05\/hinh-chen-About-Us.jpg 1080w, https:\/\/velisfashion.com\/wp-content\/uploads\/2025\/05\/hinh-chen-About-Us-205x300.jpg 205w, https:\/\/velisfashion.com\/wp-content\/uploads\/2025\/05\/hinh-chen-About-Us-547x800.jpg 547w, https:\/\/velisfashion.com\/wp-content\/uploads\/2025\/05\/hinh-chen-About-Us-768x1123.jpg 768w, https:\/\/velisfashion.com\/wp-content\/uploads\/2025\/05\/hinh-chen-About-Us-430x629.jpg 430w, https:\/\/velisfashion.com\/wp-content\/uploads\/2025\/05\/hinh-chen-About-Us-500x731.jpg 500w, https:\/\/velisfashion.com\/wp-content\/uploads\/2025\/05\/hinh-chen-About-Us-150x219.jpg 150w\" \/>\t\t\t\t\t\t\t\t\t\t\t\t\t\t\t<\/div>\n\t\t\t\t<\/div>\n\t\t\t\t<\/div>\n\t\t\t\t\t<\/div>\n\t\t\t\t<\/div>\n\t\t\t\t<\/div>","protected":false},"excerpt":{"rendered":"<p>About Us Coined in 2011 and brought to life in 2021 in Budapest &#8211; the heart of Hungary, VELIS FASHION<\/p>","protected":false},"author":1,"featured_media":0,"parent":0,"menu_order":0,"comment_status":"closed","ping_status":"closed","template":"","meta":{"footnotes":""},"class_list":["post-4400","page","type-page","status-publish","hentry"],"_links":{"self":[{"href":"https:\/\/velisfashion.com\/vi\/wp-json\/wp\/v2\/pages\/4400","targetHints":{"allow":["GET"]}}],"collection":[{"href":"https:\/\/velisfashion.com\/vi\/wp-json\/wp\/v2\/pages"}],"about":[{"href":"https:\/\/velisfashion.com\/vi\/wp-json\/wp\/v2\/types\/page"}],"author":[{"embeddable":true,"href":"https:\/\/velisfashion.com\/vi\/wp-json\/wp\/v2\/users\/1"}],"replies":[{"embeddable":true,"href":"https:\/\/velisfashion.com\/vi\/wp-json\/wp\/v2\/comments?post=4400"}],"version-history":[{"count":0,"href":"https:\/\/velisfashion.com\/vi\/wp-json\/wp\/v2\/pages\/4400\/revisions"}],"wp:attachment":[{"href":"https:\/\/velisfashion.com\/vi\/wp-json\/wp\/v2\/media?parent=4400"}],"curies":[{"name":"wp","href":"https:\/\/api.w.org\/{rel}","templated":true}]}}