{"id":104617,"date":"2025-05-08T03:57:34","date_gmt":"2025-05-08T03:57:34","guid":{"rendered":"https:\/\/velisfashion.com\/?page_id=104617"},"modified":"2026-01-26T13:38:27","modified_gmt":"2026-01-26T13:38:27","slug":"payment","status":"publish","type":"page","link":"https:\/\/velisfashion.com\/vi\/payment\/","title":{"rendered":"Thanh to\u00e1n"},"content":{"rendered":"<div data-elementor-type=\"wp-page\" data-elementor-id=\"104617\" class=\"elementor elementor-104617\">\n\t\t\t\t<div class=\"elementor-element elementor-element-351b512 e-flex e-con-boxed e-con e-parent\" data-id=\"351b512\" data-element_type=\"container\">\n\t\t\t\t\t<div class=\"e-con-inner\">\n\t\t\t\t<div class=\"elementor-element elementor-element-010483a elementor-widget elementor-widget-heading\" data-id=\"010483a\" data-element_type=\"widget\" data-widget_type=\"heading.default\">\n\t\t\t\t<div class=\"elementor-widget-container\">\n\t\t\t\t\t<h2 class=\"elementor-heading-title elementor-size-default\">Thanh to\u00e1n<\/h2>\t\t\t\t<\/div>\n\t\t\t\t<\/div>\n\t\t\t\t<div class=\"elementor-element elementor-element-6d9652a elementor-widget elementor-widget-wd_text_block\" data-id=\"6d9652a\" data-element_type=\"widget\" data-widget_type=\"wd_text_block.default\">\n\t\t\t\t<div class=\"elementor-widget-container\">\n\t\t\t\t\t\t\t<div class=\"wd-text-block reset-last-child text-left\">\n\t\t\t\n\t\t\t<p>Ch\u00fang t\u00f4i cung c\u1ea5p c\u00e1c ph\u01b0\u01a1ng th\u1ee9c thanh to\u00e1n an to\u00e0n v\u00e0 ti\u1ec7n l\u1ee3i, bao g\u1ed3m chuy\u1ec3n kho\u1ea3n ng\u00e2n h\u00e0ng, c\u00e1c lo\u1ea1i th\u1ebb ng\u00e2n h\u00e0ng ph\u1ed5 bi\u1ebfn (Visa, MasterCard) v\u00e0 PayPal. T\u1ea5t c\u1ea3 c\u00e1c giao d\u1ecbch \u0111\u1ec1u \u0111\u01b0\u1ee3c m\u00e3 h\u00f3a v\u00e0 b\u1ea3o v\u1ec7 \u0111\u1ec3 \u0111\u1ea3m b\u1ea3o th\u00f4ng tin c\u1ee7a b\u1ea1n lu\u00f4n \u0111\u01b0\u1ee3c b\u1ea3o m\u1eadt.<\/p>\n\t\t\t\t\t<\/div>\n\t\t\t\t\t\t<\/div>\n\t\t\t\t<\/div>\n\t\t<div class=\"elementor-element elementor-element-9fe8c01 e-con-full e-flex e-con e-child\" data-id=\"9fe8c01\" data-element_type=\"container\">\n\t\t\t\t<div class=\"elementor-element elementor-element-2332874 elementor-widget elementor-widget-image\" data-id=\"2332874\" data-element_type=\"widget\" data-widget_type=\"image.default\">\n\t\t\t\t<div class=\"elementor-widget-container\">\n\t\t\t\t\t\t\t\t\t\t\t\t\t\t\t<img loading=\"lazy\" decoding=\"async\" width=\"330\" height=\"107\" src=\"https:\/\/velisfashion.com\/wp-content\/themes\/woodmart-1\/images\/lazy.svg\" class=\"attachment-full size-full wp-image-104809 wd-lazy-fade\" alt=\"\" srcset=\"\" sizes=\"auto, (max-width: 330px) 100vw, 330px\" data-src=\"https:\/\/velisfashion.com\/wp-content\/uploads\/2025\/05\/Visa_Inc._logo.svg.png\" data-srcset=\"https:\/\/velisfashion.com\/wp-content\/uploads\/2025\/05\/Visa_Inc._logo.svg.png 330w, https:\/\/velisfashion.com\/wp-content\/uploads\/2025\/05\/Visa_Inc._logo.svg-150x49.png 150w, https:\/\/velisfashion.com\/wp-content\/uploads\/2025\/05\/Visa_Inc._logo.svg-308x100.png 308w\" \/>\t\t\t\t\t\t\t\t\t\t\t\t\t\t\t<\/div>\n\t\t\t\t<\/div>\n\t\t\t\t<div class=\"elementor-element elementor-element-3e146a0 elementor-widget elementor-widget-image\" data-id=\"3e146a0\" data-element_type=\"widget\" data-widget_type=\"image.default\">\n\t\t\t\t<div class=\"elementor-widget-container\">\n\t\t\t\t\t\t\t\t\t\t\t\t\t\t\t<img loading=\"lazy\" decoding=\"async\" width=\"330\" height=\"257\" src=\"https:\/\/velisfashion.com\/wp-content\/themes\/woodmart-1\/images\/lazy.svg\" class=\"attachment-full size-full wp-image-104810 wd-lazy-fade\" alt=\"\" srcset=\"\" sizes=\"auto, (max-width: 330px) 100vw, 330px\" data-src=\"https:\/\/velisfashion.com\/wp-content\/uploads\/2025\/05\/Mastercard-logo.svg.png\" data-srcset=\"https:\/\/velisfashion.com\/wp-content\/uploads\/2025\/05\/Mastercard-logo.svg.png 330w, https:\/\/velisfashion.com\/wp-content\/uploads\/2025\/05\/Mastercard-logo.svg-150x117.png 150w, https:\/\/velisfashion.com\/wp-content\/uploads\/2025\/05\/Mastercard-logo.svg-257x200.png 257w, https:\/\/velisfashion.com\/wp-content\/uploads\/2025\/05\/Mastercard-logo.svg-128x100.png 128w\" \/>\t\t\t\t\t\t\t\t\t\t\t\t\t\t\t<\/div>\n\t\t\t\t<\/div>\n\t\t\t\t<div class=\"elementor-element elementor-element-242263c elementor-widget elementor-widget-image\" data-id=\"242263c\" data-element_type=\"widget\" data-widget_type=\"image.default\">\n\t\t\t\t<div class=\"elementor-widget-container\">\n\t\t\t\t\t\t\t\t\t\t\t\t\t\t\t<img loading=\"lazy\" decoding=\"async\" width=\"320\" height=\"86\" src=\"https:\/\/velisfashion.com\/wp-content\/themes\/woodmart-1\/images\/lazy.svg\" class=\"attachment-full size-full wp-image-104808 wd-lazy-fade\" alt=\"\" srcset=\"\" sizes=\"auto, (max-width: 320px) 100vw, 320px\" data-src=\"https:\/\/velisfashion.com\/wp-content\/uploads\/2025\/05\/PayPal.svg.png\" data-srcset=\"https:\/\/velisfashion.com\/wp-content\/uploads\/2025\/05\/PayPal.svg.png 320w, https:\/\/velisfashion.com\/wp-content\/uploads\/2025\/05\/PayPal.svg-150x40.png 150w\" \/>\t\t\t\t\t\t\t\t\t\t\t\t\t\t\t<\/div>\n\t\t\t\t<\/div>\n\t\t\t\t<div class=\"elementor-element elementor-element-14513c8 elementor-widget elementor-widget-image\" data-id=\"14513c8\" data-element_type=\"widget\" data-widget_type=\"image.default\">\n\t\t\t\t<div class=\"elementor-widget-container\">\n\t\t\t\t\t\t\t\t\t\t\t\t\t\t\t<img loading=\"lazy\" decoding=\"async\" width=\"512\" height=\"512\" src=\"https:\/\/velisfashion.com\/wp-content\/themes\/woodmart-1\/images\/lazy.svg\" class=\"attachment-full size-full wp-image-104907 wd-lazy-fade\" alt=\"\" srcset=\"\" sizes=\"auto, (max-width: 512px) 100vw, 512px\" data-src=\"https:\/\/velisfashion.com\/wp-content\/uploads\/2025\/05\/pngwing.com_.png\" data-srcset=\"https:\/\/velisfashion.com\/wp-content\/uploads\/2025\/05\/pngwing.com_.png 512w, https:\/\/velisfashion.com\/wp-content\/uploads\/2025\/05\/pngwing.com_-300x300.png 300w, https:\/\/velisfashion.com\/wp-content\/uploads\/2025\/05\/pngwing.com_-150x150.png 150w, https:\/\/velisfashion.com\/wp-content\/uploads\/2025\/05\/pngwing.com_-430x430.png 430w, https:\/\/velisfashion.com\/wp-content\/uploads\/2025\/05\/pngwing.com_-500x500.png 500w\" \/>\t\t\t\t\t\t\t\t\t\t\t\t\t\t\t<\/div>\n\t\t\t\t<\/div>\n\t\t\t\t<\/div>\n\t\t\t\t<div class=\"elementor-element elementor-element-8724986 elementor-widget elementor-widget-wd_text_block\" data-id=\"8724986\" data-element_type=\"widget\" data-widget_type=\"wd_text_block.default\">\n\t\t\t\t<div class=\"elementor-widget-container\">\n\t\t\t\t\t\t\t<div class=\"wd-text-block reset-last-child text-left\">\n\t\t\t\n\t\t\t<p><span style=\"font-size: 16px;\">T\u1ea5t c\u1ea3 c\u00e1c giao d\u1ecbch \u0111\u1ec1u \u0111\u01b0\u1ee3c x\u1eed l\u00fd b\u1eb1ng Euro (\u20ac).<\/span><\/p>\n\t\t\t\t\t<\/div>\n\t\t\t\t\t\t<\/div>\n\t\t\t\t<\/div>\n\t\t\t\t\t<\/div>\n\t\t\t\t<\/div>\n\t\t<div class=\"elementor-element elementor-element-c34205e tka-section-mt e-flex e-con-boxed e-con e-parent\" data-id=\"c34205e\" data-element_type=\"container\">\n\t\t\t\t\t<div class=\"e-con-inner\">\n\t\t<div class=\"wd-negative-gap elementor-element elementor-element-b5d2d3d e-flex e-con-boxed e-con e-child\" data-id=\"b5d2d3d\" data-element_type=\"container\">\n\t\t\t\t\t<div class=\"e-con-inner\">\n\t\t<div class=\"elementor-element elementor-element-bafc559 e-con-full e-flex e-con e-child\" data-id=\"bafc559\" data-element_type=\"container\">\n\t\t\t\t<div class=\"elementor-element elementor-element-42b0929 elementor-view-default elementor-widget elementor-widget-icon\" data-id=\"42b0929\" data-element_type=\"widget\" data-widget_type=\"icon.default\">\n\t\t\t\t<div class=\"elementor-widget-container\">\n\t\t\t\t\t\t\t<div class=\"elementor-icon-wrapper\">\n\t\t\t<div class=\"elementor-icon\">\n\t\t\t<svg aria-hidden=\"true\" class=\"e-font-icon-svg e-far-envelope\" viewbox=\"0 0 512 512\" xmlns=\"http:\/\/www.w3.org\/2000\/svg\"><path d=\"M464 64H48C21.49 64 0 85.49 0 112v288c0 26.51 21.49 48 48 48h416c26.51 0 48-21.49 48-48V112c0-26.51-21.49-48-48-48zm0 48v40.805c-22.422 18.259-58.168 46.651-134.587 106.49-16.841 13.247-50.201 45.072-73.413 44.701-23.208.375-56.579-31.459-73.413-44.701C106.18 199.465 70.425 171.067 48 152.805V112h416zM48 400V214.398c22.914 18.251 55.409 43.862 104.938 82.646 21.857 17.205 60.134 55.186 103.062 54.955 42.717.231 80.509-37.199 103.053-54.947 49.528-38.783 82.032-64.401 104.947-82.653V400H48z\"><\/path><\/svg>\t\t\t<\/div>\n\t\t<\/div>\n\t\t\t\t\t\t<\/div>\n\t\t\t\t<\/div>\n\t\t\t\t<div class=\"elementor-element elementor-element-3a014f8 elementor-widget elementor-widget-heading\" data-id=\"3a014f8\" data-element_type=\"widget\" data-widget_type=\"heading.default\">\n\t\t\t\t<div class=\"elementor-widget-container\">\n\t\t\t\t\t<h4 class=\"elementor-heading-title elementor-size-default\">G\u1eecI EMAIL CHO CH\u00daNG T\u00d4I<\/h4>\t\t\t\t<\/div>\n\t\t\t\t<\/div>\n\t\t\t\t<\/div>\n\t\t<div class=\"elementor-element elementor-element-f37c7d1 e-con-full e-flex e-con e-child\" data-id=\"f37c7d1\" data-element_type=\"container\">\n\t\t\t\t<div class=\"elementor-element elementor-element-49c7f50 elementor-widget elementor-widget-wd_text_block\" data-id=\"49c7f50\" data-element_type=\"widget\" data-widget_type=\"wd_text_block.default\">\n\t\t\t\t<div class=\"elementor-widget-container\">\n\t\t\t\t\t\t\t<div class=\"wd-text-block reset-last-child text-center\">\n\t\t\t\n\t\t\t<p><strong><span style=\"text-decoration: underline;\"><a title=\"\" href=\"mailto:customercare@velisfashion.com\" rel=\"\" data-tracking=\"\">customercare@velisfashion.com<\/a><\/span><\/strong><br \/>\u0110\u1ed9i ng\u0169 Ch\u0103m s\u00f3c Kh\u00e1ch h\u00e0ng c\u1ee7a ch\u00fang t\u00f4i s\u1ebd ph\u1ea3n h\u1ed3i trong v\u00f2ng 24 gi\u1edd.<\/p>\n\t\t\t\t\t<\/div>\n\t\t\t\t\t\t<\/div>\n\t\t\t\t<\/div>\n\t\t\t\t<\/div>\n\t\t\t\t\t<\/div>\n\t\t\t\t<\/div>\n\t\t\t\t\t<\/div>\n\t\t\t\t<\/div>\n\t\t\t\t<\/div>","protected":false},"excerpt":{"rendered":"<p>Payment We offer secure and convenient payment options, including bank transfer, major bank cards (Visa, MasterCard) and PayPal. All transactions<\/p>","protected":false},"author":1,"featured_media":0,"parent":0,"menu_order":0,"comment_status":"closed","ping_status":"closed","template":"elementor_header_footer","meta":{"footnotes":""},"class_list":["post-104617","page","type-page","status-publish","hentry"],"_links":{"self":[{"href":"https:\/\/velisfashion.com\/vi\/wp-json\/wp\/v2\/pages\/104617","targetHints":{"allow":["GET"]}}],"collection":[{"href":"https:\/\/velisfashion.com\/vi\/wp-json\/wp\/v2\/pages"}],"about":[{"href":"https:\/\/velisfashion.com\/vi\/wp-json\/wp\/v2\/types\/page"}],"author":[{"embeddable":true,"href":"https:\/\/velisfashion.com\/vi\/wp-json\/wp\/v2\/users\/1"}],"replies":[{"embeddable":true,"href":"https:\/\/velisfashion.com\/vi\/wp-json\/wp\/v2\/comments?post=104617"}],"version-history":[{"count":3,"href":"https:\/\/velisfashion.com\/vi\/wp-json\/wp\/v2\/pages\/104617\/revisions"}],"predecessor-version":[{"id":328623,"href":"https:\/\/velisfashion.com\/vi\/wp-json\/wp\/v2\/pages\/104617\/revisions\/328623"}],"wp:attachment":[{"href":"https:\/\/velisfashion.com\/vi\/wp-json\/wp\/v2\/media?parent=104617"}],"curies":[{"name":"wp","href":"https:\/\/api.w.org\/{rel}","templated":true}]}}