{"id":104601,"date":"2025-05-08T03:49:33","date_gmt":"2025-05-08T03:49:33","guid":{"rendered":"https:\/\/velisfashion.com\/?page_id=104601"},"modified":"2026-01-26T13:35:49","modified_gmt":"2026-01-26T13:35:49","slug":"return-exchange","status":"publish","type":"page","link":"https:\/\/velisfashion.com\/vi\/return-exchange\/","title":{"rendered":"Tr\u1ea3 l\u1ea1i &amp; Trao \u0111\u1ed5i"},"content":{"rendered":"<div data-elementor-type=\"wp-page\" data-elementor-id=\"104601\" class=\"elementor elementor-104601\">\n\t\t\t\t<div class=\"elementor-element elementor-element-1193e87 e-flex e-con-boxed e-con e-parent\" data-id=\"1193e87\" data-element_type=\"container\">\n\t\t\t\t\t<div class=\"e-con-inner\">\n\t\t\t\t<div class=\"elementor-element elementor-element-fc590d2 elementor-widget elementor-widget-heading\" data-id=\"fc590d2\" data-element_type=\"widget\" data-widget_type=\"heading.default\">\n\t\t\t\t<div class=\"elementor-widget-container\">\n\t\t\t\t\t<h2 class=\"elementor-heading-title elementor-size-default\">Tr\u1ea3 l\u1ea1i &amp; Trao \u0111\u1ed5i<\/h2>\t\t\t\t<\/div>\n\t\t\t\t<\/div>\n\t\t\t\t<div class=\"elementor-element elementor-element-fee32ed elementor-widget elementor-widget-wd_text_block\" data-id=\"fee32ed\" data-element_type=\"widget\" data-widget_type=\"wd_text_block.default\">\n\t\t\t\t<div class=\"elementor-widget-container\">\n\t\t\t\t\t\t\t<div class=\"wd-text-block reset-last-child text-left\">\n\t\t\t\n\t\t\t<p>C\u1ea3m \u01a1n b\u1ea1n \u0111\u00e3 mua s\u1eafm t\u1ea1i VELIS FASHION. Ch\u00fang t\u00f4i hy v\u1ecdng b\u1ea1n h\u00e0i l\u00f2ng v\u1edbi \u0111\u01a1n h\u00e0ng c\u1ee7a m\u00ecnh. N\u1ebfu v\u00ec b\u1ea5t k\u1ef3 l\u00fd do n\u00e0o b\u1ea1n kh\u00f4ng ho\u00e0n to\u00e0n h\u00e0i l\u00f2ng, b\u1ea1n c\u00f3 th\u1ec3 tr\u1ea3 l\u1ea1i b\u1ea5t k\u1ef3 s\u1ea3n ph\u1ea9m n\u00e0o trong v\u00f2ng 14 ng\u00e0y k\u1ec3 t\u1eeb ng\u00e0y nh\u1eadn h\u00e0ng.<\/p>\n\t\t\t\t\t<\/div>\n\t\t\t\t\t\t<\/div>\n\t\t\t\t<\/div>\n\t\t\t\t<div class=\"elementor-element elementor-element-8e35707 elementor-widget elementor-widget-wd_accordion\" data-id=\"8e35707\" data-element_type=\"widget\" data-widget_type=\"wd_accordion.default\">\n\t\t\t\t<div class=\"elementor-widget-container\">\n\t\t\t\t\t\n\t\t<div class=\"wd-accordion wd-style-default wd-titles-left wd-opener-pos-right wd-opener-style-arrow\" data-state=\"first\">\n\t\t\t\t\t\t\t\n\t\t\t\t<div class=\"wd-accordion-item\">\n\t\t\t\t\t<div class=\"wd-accordion-title wd-role-btn wd-active\" data-accordion-index=\"0\" tabindex=\"0\">\n\t\t\t\t\t\t<div class=\"wd-accordion-title-text\">\n\t\t\t\t\t\t\t\t\t\t\t\t\t\t<span>\n\t\t\t\t\t\t\t\tN\u1ebfu b\u1ea1n \u0111ang \u1edf trong Li\u00ean minh Ch\u00e2u \u00c2u:\t\t\t\t\t\t\t<\/span>\n\t\t\t\t\t\t<\/div>\n\t\t\t\t\t\t<span class=\"wd-accordion-opener\"><\/span>\n\t\t\t\t\t<\/div>\n\n\t\t\t\t\t<div class=\"wd-accordion-content wd-entry-content wd-active\" data-accordion-index=\"0\">\n\t\t\t\t\t\t\t\t\t\t\t\t\t\n\t\t\t\t\t\t\t<p>\u0110\u1ed1i v\u1edbi tr\u01b0\u1eddng h\u1ee3p tr\u1ea3 h\u00e0ng, vui l\u00f2ng cung c\u1ea5p s\u1ed1 \u0111\u01a1n h\u00e0ng ho\u1eb7c s\u1ed1 h\u00f3a \u0111\u01a1n c\u1ee7a b\u1ea1n cho ch\u00fang t\u00f4i b\u1eb1ng c\u00e1ch g\u1eedi email t\u1edbi <span style=\"text-decoration: underline;\"><strong>customercare@velisfashion.com<\/strong><\/span>, v\u00e0 vui l\u00f2ng l\u00e0m theo h\u01b0\u1edbng d\u1eabn sau:<\/p><p>H\u00e3y b\u1ecf (c\u00e1c) m\u1eb7t h\u00e0ng c\u1ea7n tr\u1ea3 l\u1ea1i v\u00e0o m\u1ed9t g\u00f3i h\u00e0ng (b\u1ea1n c\u00f3 th\u1ec3 s\u1eed d\u1ee5ng g\u00f3i h\u00e0ng ban \u0111\u1ea7u ho\u1eb7c b\u1ea5t k\u1ef3 g\u00f3i h\u00e0ng n\u00e0o kh\u00e1c).<\/p><p>H\u00e3y \u0111\u00f3ng g\u00f3i ki\u1ec7n h\u00e0ng c\u1ea9n th\u1eadn v\u00e0 d\u00e1n nh\u00e3n tr\u1ea3 h\u00e0ng (\u0111\u01b0\u1ee3c g\u1eedi qua email) l\u00ean b\u00ean ngo\u00e0i ki\u1ec7n h\u00e0ng. Vui l\u00f2ng \u0111\u00f3ng g\u00f3i k\u1ef9 c\u00e0ng \u0111\u1ec3 tr\u00e1nh h\u01b0 h\u1ecfng trong qu\u00e1 tr\u00ecnh v\u1eadn chuy\u1ec3n.<\/p>\n\t\t\t\t\t\t\t\t\t\t\t\t\t\t\t\t\t\t<\/div>\n\t\t\t\t<\/div>\n\t\t\t\t\t\t\t\n\t\t\t\t<div class=\"wd-accordion-item\">\n\t\t\t\t\t<div class=\"wd-accordion-title wd-role-btn\" data-accordion-index=\"1\" tabindex=\"0\">\n\t\t\t\t\t\t<div class=\"wd-accordion-title-text\">\n\t\t\t\t\t\t\t\t\t\t\t\t\t\t<span>\n\t\t\t\t\t\t\t\tN\u1ebfu b\u1ea1n \u0111ang \u1edf c\u00e1c qu\u1ed1c gia kh\u00f4ng thu\u1ed9c Li\u00ean minh ch\u00e2u \u00c2u:\t\t\t\t\t\t\t<\/span>\n\t\t\t\t\t\t<\/div>\n\t\t\t\t\t\t<span class=\"wd-accordion-opener\"><\/span>\n\t\t\t\t\t<\/div>\n\n\t\t\t\t\t<div class=\"wd-accordion-content wd-entry-content\" data-accordion-index=\"1\">\n\t\t\t\t\t\t\t\t\t\t\t\t\t\n\t\t\t\t\t\t\t<p>Please inform your order number or invoice number to <span style=\"text-decoration: underline;\"><strong>customercare@velisfashion.com<\/strong><\/span> and arrange your return shipping to our address:<\/p><p style=\"text-align: center; margin-bottom: -6px;\">HD VELIS KFT<\/p><p style=\"text-align: center; margin-bottom: -2px;\">Bezeredj ut 19 (doorbell 11)<\/p><p style=\"text-align: center; margin-bottom: -2px;\">1081 Budapest<\/p><p style=\"text-align: center; margin-bottom: -2px;\">Hungary<\/p>\n\t\t\t\t\t\t\t\t\t\t\t\t\t\t\t\t\t\t<\/div>\n\t\t\t\t<\/div>\n\t\t\t\t\t<\/div>\n\t\t\t\t\t\t<\/div>\n\t\t\t\t<\/div>\n\t\t\t\t<div class=\"elementor-element elementor-element-018c57f elementor-widget elementor-widget-wd_text_block\" data-id=\"018c57f\" data-element_type=\"widget\" data-widget_type=\"wd_text_block.default\">\n\t\t\t\t<div class=\"elementor-widget-container\">\n\t\t\t\t\t\t\t<div class=\"wd-text-block reset-last-child text-left\">\n\t\t\t\n\t\t\t<p>Ch\u00fang t\u00f4i kh\u00f4ng ch\u1ecbu tr\u00e1ch nhi\u1ec7m n\u1ebfu x\u1ea3y ra b\u1ea5t k\u1ef3 h\u01b0 h\u1ecfng n\u00e0o trong qu\u00e1 tr\u00ecnh v\u1eadn chuy\u1ec3n tr\u1ea3 l\u1ea1i do \u0111\u00f3ng g\u00f3i b\u1ea5t c\u1ea9n.<\/p><p>Ch\u00fang t\u00f4i ch\u1ec9 ch\u1ea5p nh\u1eadn tr\u1ea3 l\u1ea1i h\u00e0ng trong t\u00ecnh tr\u1ea1ng nguy\u00ean g\u1ed1c ban \u0111\u1ea7u (ch\u01b0a s\u1eed d\u1ee5ng, ch\u01b0a gi\u1eb7t, c\u00f2n nguy\u00ean tem m\u00e1c, t\u00fai \u0111\u1ef1ng v\u00e0 bao b\u00ec).<\/p><p><span style=\"font-size: 16px;\">Gi\u00e1 tr\u1ecb c\u1ee7a (c\u00e1c) m\u1eb7t h\u00e0ng \u0111\u01b0\u1ee3c tr\u1ea3 l\u1ea1i s\u1ebd \u0111\u01b0\u1ee3c ho\u00e0n tr\u1ea3 trong v\u00f2ng 14 ng\u00e0y k\u1ec3 t\u1eeb ng\u00e0y nh\u1eadn \u0111\u01b0\u1ee3c, b\u1eb1ng ph\u01b0\u01a1ng th\u1ee9c thanh to\u00e1n ban \u0111\u1ea7u.<\/span><\/p>\n\t\t\t\t\t<\/div>\n\t\t\t\t\t\t<\/div>\n\t\t\t\t<\/div>\n\t\t\t\t\t<\/div>\n\t\t\t\t<\/div>\n\t\t<div class=\"elementor-element elementor-element-31883b2 tka-section-mt e-flex e-con-boxed e-con e-parent\" data-id=\"31883b2\" data-element_type=\"container\">\n\t\t\t\t\t<div class=\"e-con-inner\">\n\t\t<div class=\"wd-negative-gap elementor-element elementor-element-08efd5d e-flex e-con-boxed e-con e-child\" data-id=\"08efd5d\" data-element_type=\"container\">\n\t\t\t\t\t<div class=\"e-con-inner\">\n\t\t<div class=\"elementor-element elementor-element-7b2eba8 e-con-full e-flex e-con e-child\" data-id=\"7b2eba8\" data-element_type=\"container\">\n\t\t\t\t<div class=\"elementor-element elementor-element-128e0cc elementor-view-default elementor-widget elementor-widget-icon\" data-id=\"128e0cc\" data-element_type=\"widget\" data-widget_type=\"icon.default\">\n\t\t\t\t<div class=\"elementor-widget-container\">\n\t\t\t\t\t\t\t<div class=\"elementor-icon-wrapper\">\n\t\t\t<div class=\"elementor-icon\">\n\t\t\t<svg aria-hidden=\"true\" class=\"e-font-icon-svg e-far-envelope\" viewbox=\"0 0 512 512\" xmlns=\"http:\/\/www.w3.org\/2000\/svg\"><path d=\"M464 64H48C21.49 64 0 85.49 0 112v288c0 26.51 21.49 48 48 48h416c26.51 0 48-21.49 48-48V112c0-26.51-21.49-48-48-48zm0 48v40.805c-22.422 18.259-58.168 46.651-134.587 106.49-16.841 13.247-50.201 45.072-73.413 44.701-23.208.375-56.579-31.459-73.413-44.701C106.18 199.465 70.425 171.067 48 152.805V112h416zM48 400V214.398c22.914 18.251 55.409 43.862 104.938 82.646 21.857 17.205 60.134 55.186 103.062 54.955 42.717.231 80.509-37.199 103.053-54.947 49.528-38.783 82.032-64.401 104.947-82.653V400H48z\"><\/path><\/svg>\t\t\t<\/div>\n\t\t<\/div>\n\t\t\t\t\t\t<\/div>\n\t\t\t\t<\/div>\n\t\t\t\t<div class=\"elementor-element elementor-element-e34c351 elementor-widget elementor-widget-heading\" data-id=\"e34c351\" data-element_type=\"widget\" data-widget_type=\"heading.default\">\n\t\t\t\t<div class=\"elementor-widget-container\">\n\t\t\t\t\t<h4 class=\"elementor-heading-title elementor-size-default\">G\u1eecI EMAIL CHO CH\u00daNG T\u00d4I<\/h4>\t\t\t\t<\/div>\n\t\t\t\t<\/div>\n\t\t\t\t<\/div>\n\t\t<div class=\"elementor-element elementor-element-00fe29e e-con-full e-flex e-con e-child\" data-id=\"00fe29e\" data-element_type=\"container\">\n\t\t\t\t<div class=\"elementor-element elementor-element-8a287cd elementor-widget elementor-widget-wd_text_block\" data-id=\"8a287cd\" data-element_type=\"widget\" data-widget_type=\"wd_text_block.default\">\n\t\t\t\t<div class=\"elementor-widget-container\">\n\t\t\t\t\t\t\t<div class=\"wd-text-block reset-last-child text-center\">\n\t\t\t\n\t\t\t<p><strong><span style=\"text-decoration: underline;\"><a title=\"\" href=\"mailto:customercare@velisfashion.com\" rel=\"\" data-tracking=\"\">customercare@velisfashion.com<\/a><\/span><\/strong><br \/>\u0110\u1ed9i ng\u0169 Ch\u0103m s\u00f3c Kh\u00e1ch h\u00e0ng c\u1ee7a ch\u00fang t\u00f4i s\u1ebd ph\u1ea3n h\u1ed3i trong v\u00f2ng 24 gi\u1edd.<\/p>\n\t\t\t\t\t<\/div>\n\t\t\t\t\t\t<\/div>\n\t\t\t\t<\/div>\n\t\t\t\t<\/div>\n\t\t\t\t\t<\/div>\n\t\t\t\t<\/div>\n\t\t\t\t\t<\/div>\n\t\t\t\t<\/div>\n\t\t\t\t<\/div>","protected":false},"excerpt":{"rendered":"<p>Return &amp; Exchange Thank you for shopping with VELIS FASHION. We hope that you&#8217;re pleased with your order. If for<\/p>","protected":false},"author":1,"featured_media":0,"parent":0,"menu_order":0,"comment_status":"closed","ping_status":"closed","template":"elementor_header_footer","meta":{"footnotes":""},"class_list":["post-104601","page","type-page","status-publish","hentry"],"_links":{"self":[{"href":"https:\/\/velisfashion.com\/vi\/wp-json\/wp\/v2\/pages\/104601","targetHints":{"allow":["GET"]}}],"collection":[{"href":"https:\/\/velisfashion.com\/vi\/wp-json\/wp\/v2\/pages"}],"about":[{"href":"https:\/\/velisfashion.com\/vi\/wp-json\/wp\/v2\/types\/page"}],"author":[{"embeddable":true,"href":"https:\/\/velisfashion.com\/vi\/wp-json\/wp\/v2\/users\/1"}],"replies":[{"embeddable":true,"href":"https:\/\/velisfashion.com\/vi\/wp-json\/wp\/v2\/comments?post=104601"}],"version-history":[{"count":9,"href":"https:\/\/velisfashion.com\/vi\/wp-json\/wp\/v2\/pages\/104601\/revisions"}],"predecessor-version":[{"id":328617,"href":"https:\/\/velisfashion.com\/vi\/wp-json\/wp\/v2\/pages\/104601\/revisions\/328617"}],"wp:attachment":[{"href":"https:\/\/velisfashion.com\/vi\/wp-json\/wp\/v2\/media?parent=104601"}],"curies":[{"name":"wp","href":"https:\/\/api.w.org\/{rel}","templated":true}]}}