{"id":1038,"date":"2021-09-01T13:49:53","date_gmt":"2021-09-01T13:49:53","guid":{"rendered":"http:\/\/dummy.xtemos.com\/woodmart2\/elementor\/?page_id=1038"},"modified":"2025-05-21T11:21:18","modified_gmt":"2025-05-21T11:21:18","slug":"delivery","status":"publish","type":"page","link":"https:\/\/velisfashion.com\/vi\/delivery\/","title":{"rendered":"V\u1eadn chuy\u1ec3n"},"content":{"rendered":"<div data-elementor-type=\"wp-page\" data-elementor-id=\"1038\" class=\"elementor elementor-1038\">\n\t\t\t\t<div class=\"elementor-element elementor-element-f8c2f52 e-flex e-con-boxed e-con e-parent\" data-id=\"f8c2f52\" data-element_type=\"container\">\n\t\t\t\t\t<div class=\"e-con-inner\">\n\t\t\t\t<div class=\"elementor-element elementor-element-6c2b7bc elementor-widget elementor-widget-heading\" data-id=\"6c2b7bc\" data-element_type=\"widget\" data-widget_type=\"heading.default\">\n\t\t\t\t<div class=\"elementor-widget-container\">\n\t\t\t\t\t<h2 class=\"elementor-heading-title elementor-size-default\">V\u1eadn chuy\u1ec3n<\/h2>\t\t\t\t<\/div>\n\t\t\t\t<\/div>\n\t\t\t\t<div class=\"elementor-element elementor-element-d2df73c elementor-widget elementor-widget-wd_accordion\" data-id=\"d2df73c\" data-element_type=\"widget\" data-widget_type=\"wd_accordion.default\">\n\t\t\t\t<div class=\"elementor-widget-container\">\n\t\t\t\t\t\n\t\t<div class=\"wd-accordion wd-style-default wd-titles-left wd-opener-pos-right wd-opener-style-arrow\" data-state=\"first\">\n\t\t\t\t\t\t\t\n\t\t\t\t<div class=\"wd-accordion-item\">\n\t\t\t\t\t<div class=\"wd-accordion-title wd-role-btn wd-active\" data-accordion-index=\"0\" tabindex=\"0\">\n\t\t\t\t\t\t<div class=\"wd-accordion-title-text\">\n\t\t\t\t\t\t\t\t\t\t\t\t\t\t<span>\n\t\t\t\t\t\t\t\tGiao h\u00e0ng \u0111\u1ebfn Li\u00ean minh Ch\u00e2u \u00c2u\t\t\t\t\t\t\t<\/span>\n\t\t\t\t\t\t<\/div>\n\t\t\t\t\t\t<span class=\"wd-accordion-opener\"><\/span>\n\t\t\t\t\t<\/div>\n\n\t\t\t\t\t<div class=\"wd-accordion-content wd-entry-content wd-active\" data-accordion-index=\"0\">\n\t\t\t\t\t\t\t\t\t\t\t\t\t\n\t\t\t\t\t\t\t<p>C\u00e1c qu\u1ed1c gia th\u00e0nh vi\u00ean c\u1ee7a Li\u00ean minh ch\u00e2u \u00c2u bao g\u1ed3m: \u00c1o, B\u1ec9, Bulgaria, Croatia, C\u1ed9ng h\u00f2a S\u00e9c, S\u00edp (ch\u1ec9 Nam S\u00edp), \u0110an M\u1ea1ch, Estonia, Ph\u1ea7n Lan, Ph\u00e1p, \u0110\u1ee9c, Hy L\u1ea1p, Hungary, Ireland, \u00dd, Latvia, Lithuania, Luxembourg, Malta, H\u00e0 Lan, Ba Lan, B\u1ed3 \u0110\u00e0o Nha, Romania, Th\u1ee5y \u0110i\u1ec3n, Slovakia, Slovenia, T\u00e2y Ban Nha.<\/p><p>Vi\u1ec7c giao h\u00e0ng \u0111\u1ebfn Li\u00ean minh Ch\u00e2u \u00c2u \u0111\u01b0\u1ee3c th\u1ef1c hi\u1ec7n b\u1edfi \u0111\u1ed1i t\u00e1c chuy\u1ec3n ph\u00e1t nhanh UPS c\u1ee7a ch\u00fang t\u00f4i v\u1edbi d\u1ecbch v\u1ee5 cao c\u1ea5p \u0111\u1ec3 \u0111\u1ea3m b\u1ea3o \u0111\u01a1n h\u00e0ng c\u1ee7a b\u1ea1n \u0111\u01b0\u1ee3c giao an to\u00e0n v\u00e0 nhanh ch\u00f3ng. T\u1ea5t c\u1ea3 c\u00e1c l\u00f4 h\u00e0ng \u0111\u01b0\u1ee3c g\u1eedi b\u1edfi VELIS FASHION \u0111\u1ec1u \u0111\u01b0\u1ee3c b\u1ea3o hi\u1ec3m ch\u1ed1ng tr\u1ed9m c\u1eafp v\u00e0 h\u01b0 h\u1ecfng do tai n\u1ea1n.<\/p><p>Mi\u1ec5n ph\u00ed v\u1eadn chuy\u1ec3n cho \u0111\u01a1n h\u00e0ng tr\u00ean 400\u20ac. Ph\u00ed v\u1eadn chuy\u1ec3n l\u00e0 20\u20ac, th\u01b0\u1eddng m\u1ea5t 3 ng\u00e0y l\u00e0m vi\u1ec7c. Xin l\u01b0u \u00fd r\u1eb1ng ch\u00fang t\u00f4i kh\u00f4ng th\u1ec3 giao h\u00e0ng \u0111\u1ebfn h\u1ed9p th\u01b0 b\u01b0u \u0111i\u1ec7n.<\/p><p>Kh\u00f4ng ph\u00e1t sinh th\u00eam thu\u1ebf ho\u1eb7c ph\u00ed h\u1ea3i quan \u0111\u1ed1i v\u1edbi c\u00e1c m\u1eb7t h\u00e0ng \u0111\u01b0\u1ee3c v\u1eadn chuy\u1ec3n trong Li\u00ean minh Ch\u00e2u \u00c2u. Gi\u00e1 s\u1ea3n ph\u1ea9m v\u00e0 chi ph\u00ed v\u1eadn chuy\u1ec3n \u0111\u00e3 bao g\u1ed3m VAT v\u00e0 \u0111\u01b0\u1ee3c ni\u00eam y\u1ebft \u1edf d\u1ea1ng gi\u00e1 g\u1ed9p.<\/p><p>Sau khi nh\u1eadn \u0111\u01b0\u1ee3c thanh to\u00e1n, ch\u00fang t\u00f4i s\u1ebd x\u1eed l\u00fd v\u00e0 g\u1eedi \u0111\u01a1n h\u00e0ng trong gi\u1edd l\u00e0m vi\u1ec7c ch\u00ednh, t\u1eeb 8:00 s\u00e1ng \u0111\u1ebfn 6:00 chi\u1ec1u, t\u1eeb th\u1ee9 Hai \u0111\u1ebfn th\u1ee9 S\u00e1u, tr\u1eeb c\u00e1c ng\u00e0y l\u1ec5 qu\u1ed1c gia c\u1ee7a Hungary. Th\u00f4ng tin theo d\u00f5i \u0111\u01a1n h\u00e0ng s\u1ebd \u0111\u01b0\u1ee3c cung c\u1ea5p sau khi \u0111\u01a1n h\u00e0ng \u0111\u01b0\u1ee3c g\u1eedi \u0111i.<\/p>\n\t\t\t\t\t\t\t\t\t\t\t\t\t\t\t\t\t\t<\/div>\n\t\t\t\t<\/div>\n\t\t\t\t\t\t\t\n\t\t\t\t<div class=\"wd-accordion-item\">\n\t\t\t\t\t<div class=\"wd-accordion-title wd-role-btn\" data-accordion-index=\"1\" tabindex=\"0\">\n\t\t\t\t\t\t<div class=\"wd-accordion-title-text\">\n\t\t\t\t\t\t\t\t\t\t\t\t\t\t<span>\n\t\t\t\t\t\t\t\tGiao h\u00e0ng \u0111\u1ebfn c\u00e1c qu\u1ed1c gia ngo\u00e0i Li\u00ean minh Ch\u00e2u \u00c2u\t\t\t\t\t\t\t<\/span>\n\t\t\t\t\t\t<\/div>\n\t\t\t\t\t\t<span class=\"wd-accordion-opener\"><\/span>\n\t\t\t\t\t<\/div>\n\n\t\t\t\t\t<div class=\"wd-accordion-content wd-entry-content\" data-accordion-index=\"1\">\n\t\t\t\t\t\t\t\t\t\t\t\t\t\n\t\t\t\t\t\t\t<p>Ch\u00fang t\u00f4i giao h\u00e0ng \u0111\u1ebfn ch\u00e2u \u00c1, V\u01b0\u01a1ng qu\u1ed1c Anh, ch\u00e2u Phi, B\u1eafc M\u1ef9, Nam M\u1ef9 v\u00e0 c\u00e1c qu\u1ed1c gia kh\u00e1c ngo\u00e0i EU.<\/p><p>Ph\u00ed v\u1eadn chuy\u1ec3n, thu\u1ebf h\u1ea3i quan v\u00e0 c\u00e1c lo\u1ea1i thu\u1ebf \u0111\u1ecba ph\u01b0\u01a1ng do kh\u00e1ch h\u00e0ng ch\u1ecbu tr\u00e1ch nhi\u1ec7m.<\/p><p>Ch\u00fang t\u00f4i s\u1ebd th\u00f4ng b\u00e1o th\u1eddi gian giao h\u00e0ng v\u00e0 cung c\u1ea5p th\u00f4ng tin theo d\u00f5i \u0111\u01a1n h\u00e0ng ngay sau khi \u0111\u01a1n h\u00e0ng \u0111\u01b0\u1ee3c g\u1eedi \u0111i.<\/p><p>Ch\u00fang t\u00f4i kh\u00f4ng th\u1ec3 ki\u1ec3m so\u00e1t s\u1ef1 ch\u1eadm tr\u1ec5 do b\u00ean th\u1ee9 ba g\u00e2y ra (c\u00e1c h\u00e3ng v\u1eadn chuy\u1ec3n, h\u1ea3i quan, v.v.).<\/p>\n\t\t\t\t\t\t\t\t\t\t\t\t\t\t\t\t\t\t<\/div>\n\t\t\t\t<\/div>\n\t\t\t\t\t<\/div>\n\t\t\t\t\t\t<\/div>\n\t\t\t\t<\/div>\n\t\t\t\t\t<\/div>\n\t\t\t\t<\/div>\n\t\t<div class=\"elementor-element elementor-element-20e2c0d tka-section-mt e-flex e-con-boxed e-con e-parent\" data-id=\"20e2c0d\" data-element_type=\"container\">\n\t\t\t\t\t<div class=\"e-con-inner\">\n\t\t<div class=\"wd-negative-gap elementor-element elementor-element-b98f454 e-flex e-con-boxed e-con e-child\" data-id=\"b98f454\" data-element_type=\"container\">\n\t\t\t\t\t<div class=\"e-con-inner\">\n\t\t<div class=\"elementor-element elementor-element-c5cafeb e-con-full e-flex e-con e-child\" data-id=\"c5cafeb\" data-element_type=\"container\">\n\t\t\t\t<div class=\"elementor-element elementor-element-7859560 elementor-view-default elementor-widget elementor-widget-icon\" data-id=\"7859560\" data-element_type=\"widget\" data-widget_type=\"icon.default\">\n\t\t\t\t<div class=\"elementor-widget-container\">\n\t\t\t\t\t\t\t<div class=\"elementor-icon-wrapper\">\n\t\t\t<div class=\"elementor-icon\">\n\t\t\t<svg aria-hidden=\"true\" class=\"e-font-icon-svg e-far-envelope\" viewbox=\"0 0 512 512\" xmlns=\"http:\/\/www.w3.org\/2000\/svg\"><path d=\"M464 64H48C21.49 64 0 85.49 0 112v288c0 26.51 21.49 48 48 48h416c26.51 0 48-21.49 48-48V112c0-26.51-21.49-48-48-48zm0 48v40.805c-22.422 18.259-58.168 46.651-134.587 106.49-16.841 13.247-50.201 45.072-73.413 44.701-23.208.375-56.579-31.459-73.413-44.701C106.18 199.465 70.425 171.067 48 152.805V112h416zM48 400V214.398c22.914 18.251 55.409 43.862 104.938 82.646 21.857 17.205 60.134 55.186 103.062 54.955 42.717.231 80.509-37.199 103.053-54.947 49.528-38.783 82.032-64.401 104.947-82.653V400H48z\"><\/path><\/svg>\t\t\t<\/div>\n\t\t<\/div>\n\t\t\t\t\t\t<\/div>\n\t\t\t\t<\/div>\n\t\t\t\t<div class=\"elementor-element elementor-element-1493a15 elementor-widget elementor-widget-heading\" data-id=\"1493a15\" data-element_type=\"widget\" data-widget_type=\"heading.default\">\n\t\t\t\t<div class=\"elementor-widget-container\">\n\t\t\t\t\t<h4 class=\"elementor-heading-title elementor-size-default\">G\u1eecI EMAIL CHO CH\u00daNG T\u00d4I<\/h4>\t\t\t\t<\/div>\n\t\t\t\t<\/div>\n\t\t\t\t<\/div>\n\t\t<div class=\"elementor-element elementor-element-c5db7f5 e-con-full e-flex e-con e-child\" data-id=\"c5db7f5\" data-element_type=\"container\">\n\t\t\t\t<div class=\"elementor-element elementor-element-6147556 elementor-widget elementor-widget-wd_text_block\" data-id=\"6147556\" data-element_type=\"widget\" data-widget_type=\"wd_text_block.default\">\n\t\t\t\t<div class=\"elementor-widget-container\">\n\t\t\t\t\t\t\t<div class=\"wd-text-block reset-last-child text-center\">\n\t\t\t\n\t\t\t<p><strong><span style=\"text-decoration: underline;\"><a title=\"\" href=\"mailto:customercare@velisfashion.com\" rel=\"\" data-tracking=\"\">customercare@velisfashion.com<\/a><\/span><\/strong><br \/>\u0110\u1ed9i ng\u0169 Ch\u0103m s\u00f3c Kh\u00e1ch h\u00e0ng c\u1ee7a ch\u00fang t\u00f4i s\u1ebd ph\u1ea3n h\u1ed3i trong v\u00f2ng 24 gi\u1edd.<\/p>\n\t\t\t\t\t<\/div>\n\t\t\t\t\t\t<\/div>\n\t\t\t\t<\/div>\n\t\t\t\t<\/div>\n\t\t\t\t\t<\/div>\n\t\t\t\t<\/div>\n\t\t\t\t\t<\/div>\n\t\t\t\t<\/div>\n\t\t\t\t<\/div>","protected":false},"excerpt":{"rendered":"<p>Delivery Delivery to the European Union The countries are members of the European Union: Austria, Belgium, Bulgaria, Croatia, Czech Republic,<\/p>","protected":false},"author":1,"featured_media":0,"parent":0,"menu_order":0,"comment_status":"closed","ping_status":"closed","template":"","meta":{"footnotes":""},"class_list":["post-1038","page","type-page","status-publish","hentry"],"_links":{"self":[{"href":"https:\/\/velisfashion.com\/vi\/wp-json\/wp\/v2\/pages\/1038","targetHints":{"allow":["GET"]}}],"collection":[{"href":"https:\/\/velisfashion.com\/vi\/wp-json\/wp\/v2\/pages"}],"about":[{"href":"https:\/\/velisfashion.com\/vi\/wp-json\/wp\/v2\/types\/page"}],"author":[{"embeddable":true,"href":"https:\/\/velisfashion.com\/vi\/wp-json\/wp\/v2\/users\/1"}],"replies":[{"embeddable":true,"href":"https:\/\/velisfashion.com\/vi\/wp-json\/wp\/v2\/comments?post=1038"}],"version-history":[{"count":0,"href":"https:\/\/velisfashion.com\/vi\/wp-json\/wp\/v2\/pages\/1038\/revisions"}],"wp:attachment":[{"href":"https:\/\/velisfashion.com\/vi\/wp-json\/wp\/v2\/media?parent=1038"}],"curies":[{"name":"wp","href":"https:\/\/api.w.org\/{rel}","templated":true}]}}